{"id":93,"date":"2019-03-15T17:45:03","date_gmt":"2019-03-15T16:45:03","guid":{"rendered":"https:\/\/www.feuerwehr-altmuenster.at\/HP\/?page_id=93"},"modified":"2024-10-05T21:15:30","modified_gmt":"2024-10-05T19:15:30","slug":"fuhrpark","status":"publish","type":"page","link":"https:\/\/www.feuerwehr-altmuenster.at\/HP\/?page_id=93","title":{"rendered":"Fuhrpark"},"content":{"rendered":"<p style=\"text-align: center;\"><span style=\"font-size: 24px;\"><a href=\"https:\/\/www.feuerwehr-altmuenster.at\/HP\/?p=3692\"><strong><u>WLF-K1 KS: Wechselladerfahrzeug mit Kran<\/u><\/strong><\/a><\/span><\/p>\n<p><a href=\"https:\/\/www.feuerwehr-altmuenster.at\/HP\/?p=3692\"><img loading=\"lazy\" decoding=\"async\" class=\" wp-image-4102 aligncenter\" src=\"https:\/\/www.feuerwehr-altmuenster.at\/HP\/wp-content\/uploads\/2021\/05\/wlf-300x171.jpg\" alt=\"\" width=\"751\" height=\"428\" srcset=\"https:\/\/www.feuerwehr-altmuenster.at\/HP\/wp-content\/uploads\/2021\/05\/wlf-300x171.jpg 300w, https:\/\/www.feuerwehr-altmuenster.at\/HP\/wp-content\/uploads\/2021\/05\/wlf-1024x583.jpg 1024w, https:\/\/www.feuerwehr-altmuenster.at\/HP\/wp-content\/uploads\/2021\/05\/wlf-768x437.jpg 768w, https:\/\/www.feuerwehr-altmuenster.at\/HP\/wp-content\/uploads\/2021\/05\/wlf.jpg 1500w\" sizes=\"auto, (max-width: 751px) 100vw, 751px\" \/><\/a><\/p>\n<hr>\n<p style=\"text-align: center;\"><a href=\"https:\/\/www.feuerwehr-altmuenster.at\/HP\/?p=3698\"><span style=\"text-decoration: underline; font-size: 24px;\"><strong>KRFS-A: Kleinr\u00fcstfahrzeug Sonder-Allrad<\/strong><\/span><\/a><a href=\"https:\/\/www.feuerwehr-altmuenster.at\/HP\/?p=3698\"><img loading=\"lazy\" decoding=\"async\" class=\"wp-image-3675 aligncenter\" src=\"https:\/\/www.feuerwehr-altmuenster.at\/HP\/wp-content\/uploads\/2020\/11\/Krf__7-1024x709.jpg\" alt=\"\" width=\"751\" height=\"520\" srcset=\"https:\/\/www.feuerwehr-altmuenster.at\/HP\/wp-content\/uploads\/2020\/11\/Krf__7-1024x709.jpg 1024w, https:\/\/www.feuerwehr-altmuenster.at\/HP\/wp-content\/uploads\/2020\/11\/Krf__7-300x208.jpg 300w, https:\/\/www.feuerwehr-altmuenster.at\/HP\/wp-content\/uploads\/2020\/11\/Krf__7-768x532.jpg 768w, https:\/\/www.feuerwehr-altmuenster.at\/HP\/wp-content\/uploads\/2020\/11\/Krf__7-392x272.jpg 392w, https:\/\/www.feuerwehr-altmuenster.at\/HP\/wp-content\/uploads\/2020\/11\/Krf__7-130x90.jpg 130w, https:\/\/www.feuerwehr-altmuenster.at\/HP\/wp-content\/uploads\/2020\/11\/Krf__7.jpg 1500w\" sizes=\"auto, (max-width: 751px) 100vw, 751px\" \/><\/a><\/p>\n<hr>\n<p style=\"text-align: center;\"><strong><span style=\"font-size: 24px;\"><a href=\"https:\/\/www.feuerwehr-altmuenster.at\/HP\/?p=3722\"><span style=\"text-decoration: underline;\">TMB 23-12: Teleskopmastb\u00fchne<\/span><\/a><\/span><\/strong><a href=\"https:\/\/www.feuerwehr-altmuenster.at\/HP\/?p=3722\"><img loading=\"lazy\" decoding=\"async\" class=\"aligncenter wp-image-3727 \" src=\"https:\/\/www.feuerwehr-altmuenster.at\/HP\/wp-content\/uploads\/2020\/11\/DSC_5142.jpg\" alt=\"\" width=\"756\" height=\"502\" srcset=\"https:\/\/www.feuerwehr-altmuenster.at\/HP\/wp-content\/uploads\/2020\/11\/DSC_5142.jpg 1024w, https:\/\/www.feuerwehr-altmuenster.at\/HP\/wp-content\/uploads\/2020\/11\/DSC_5142-300x199.jpg 300w, https:\/\/www.feuerwehr-altmuenster.at\/HP\/wp-content\/uploads\/2020\/11\/DSC_5142-768x510.jpg 768w\" sizes=\"auto, (max-width: 756px) 100vw, 756px\" \/><\/a><\/p>\n<hr>\n<p style=\"text-align: center;\"><strong><span style=\"font-size: 24px;\"><a href=\"https:\/\/www.feuerwehr-altmuenster.at\/HP\/?p=3915\"><span style=\"text-decoration: underline;\">MTFA: Mannschaftstransportfahrzeug<\/span><\/a><\/span><\/strong><\/p>\n<div class=\"cm_column_wrapper\">\n<div class=\"cm_column cm-container-medium cm-container-no-columns-2\">\n<p><a href=\"https:\/\/www.feuerwehr-altmuenster.at\/HP\/?p=3915\"><img loading=\"lazy\" decoding=\"async\" class=\" wp-image-633 aligncenter\" src=\"https:\/\/www.feuerwehr-altmuenster.at\/HP\/wp-content\/uploads\/2019\/05\/DSC_6285-300x199.jpg\" alt=\"\" width=\"745\" height=\"494\" srcset=\"https:\/\/www.feuerwehr-altmuenster.at\/HP\/wp-content\/uploads\/2019\/05\/DSC_6285-300x199.jpg 300w, https:\/\/www.feuerwehr-altmuenster.at\/HP\/wp-content\/uploads\/2019\/05\/DSC_6285-768x510.jpg 768w, https:\/\/www.feuerwehr-altmuenster.at\/HP\/wp-content\/uploads\/2019\/05\/DSC_6285.jpg 1024w\" sizes=\"auto, (max-width: 745px) 100vw, 745px\" \/><\/a><\/p>\n<hr>\n<p style=\"text-align: center;\"><span style=\"font-size: 24px;\"><strong><a href=\"https:\/\/www.feuerwehr-altmuenster.at\/HP\/?p=3923\"><span style=\"text-decoration: underline;\">TLF 4000: Tankl\u00f6schfahrzeug<\/span><\/a><\/strong><\/span><\/p>\n<p><a href=\"https:\/\/www.feuerwehr-altmuenster.at\/HP\/?p=3923\"><img loading=\"lazy\" decoding=\"async\" class=\"aligncenter wp-image-10095 size-large\" src=\"https:\/\/www.feuerwehr-altmuenster.at\/HP\/wp-content\/uploads\/2024\/10\/DSC_8897-1024x681.jpg\" alt=\"\" width=\"1024\" height=\"681\" srcset=\"https:\/\/www.feuerwehr-altmuenster.at\/HP\/wp-content\/uploads\/2024\/10\/DSC_8897-1024x681.jpg 1024w, https:\/\/www.feuerwehr-altmuenster.at\/HP\/wp-content\/uploads\/2024\/10\/DSC_8897-300x200.jpg 300w, https:\/\/www.feuerwehr-altmuenster.at\/HP\/wp-content\/uploads\/2024\/10\/DSC_8897-768x511.jpg 768w, https:\/\/www.feuerwehr-altmuenster.at\/HP\/wp-content\/uploads\/2024\/10\/DSC_8897-1536x1022.jpg 1536w, https:\/\/www.feuerwehr-altmuenster.at\/HP\/wp-content\/uploads\/2024\/10\/DSC_8897-2048x1363.jpg 2048w\" sizes=\"auto, (max-width: 1024px) 100vw, 1024px\" \/><\/a><\/p>\n<p>&nbsp;<\/p>\n<\/div>\n<\/div>\n<p>&nbsp;<\/p>\n<hr>\n<div class=\"cm_column_wrapper\">\n<div class=\"cm_column cm-container-medium cm-container-no-columns-2\">\n<p style=\"text-align: center;\"><strong><span style=\"font-size: 24px;\"><a href=\"https:\/\/www.feuerwehr-altmuenster.at\/HP\/?p=3930\"><span style=\"text-decoration: underline;\">VF: Vorausfahrzeug<\/span><\/a><\/span><\/strong><\/p>\n<h2 style=\"text-align: center;\"><a href=\"https:\/\/www.feuerwehr-altmuenster.at\/HP\/?p=3930\"><img loading=\"lazy\" decoding=\"async\" class=\"aligncenter wp-image-10097 size-large\" src=\"https:\/\/www.feuerwehr-altmuenster.at\/HP\/wp-content\/uploads\/2024\/10\/DSC_9089-1024x681.jpg\" alt=\"\" width=\"1024\" height=\"681\" srcset=\"https:\/\/www.feuerwehr-altmuenster.at\/HP\/wp-content\/uploads\/2024\/10\/DSC_9089-1024x681.jpg 1024w, https:\/\/www.feuerwehr-altmuenster.at\/HP\/wp-content\/uploads\/2024\/10\/DSC_9089-300x200.jpg 300w, https:\/\/www.feuerwehr-altmuenster.at\/HP\/wp-content\/uploads\/2024\/10\/DSC_9089-768x511.jpg 768w, https:\/\/www.feuerwehr-altmuenster.at\/HP\/wp-content\/uploads\/2024\/10\/DSC_9089-1536x1022.jpg 1536w, https:\/\/www.feuerwehr-altmuenster.at\/HP\/wp-content\/uploads\/2024\/10\/DSC_9089-2048x1363.jpg 2048w\" sizes=\"auto, (max-width: 1024px) 100vw, 1024px\" \/><\/a><span style=\"text-decoration: underline;\"><br \/>\n<\/span><\/h2>\n<\/div>\n<\/div>\n<hr>\n<p style=\"text-align: center;\"><strong><a href=\"https:\/\/www.feuerwehr-altmuenster.at\/HP\/?p=3933\"><span style=\"text-decoration: underline; font-size: 24px;\">KDO: Kommandofahrzeug<\/span><\/a><\/strong><\/p>\n<p><a href=\"https:\/\/www.feuerwehr-altmuenster.at\/HP\/?p=3933\"><img loading=\"lazy\" decoding=\"async\" class=\"aligncenter wp-image-10063 size-large\" src=\"https:\/\/www.feuerwehr-altmuenster.at\/HP\/wp-content\/uploads\/2024\/10\/DSC_9019-1024x681.jpg\" alt=\"\" width=\"1024\" height=\"681\" srcset=\"https:\/\/www.feuerwehr-altmuenster.at\/HP\/wp-content\/uploads\/2024\/10\/DSC_9019-1024x681.jpg 1024w, https:\/\/www.feuerwehr-altmuenster.at\/HP\/wp-content\/uploads\/2024\/10\/DSC_9019-300x200.jpg 300w, https:\/\/www.feuerwehr-altmuenster.at\/HP\/wp-content\/uploads\/2024\/10\/DSC_9019-768x511.jpg 768w, https:\/\/www.feuerwehr-altmuenster.at\/HP\/wp-content\/uploads\/2024\/10\/DSC_9019-1536x1022.jpg 1536w, https:\/\/www.feuerwehr-altmuenster.at\/HP\/wp-content\/uploads\/2024\/10\/DSC_9019-2048x1363.jpg 2048w\" sizes=\"auto, (max-width: 1024px) 100vw, 1024px\" \/><\/a><\/p>\n<p>&nbsp;<\/p>\n<hr>\n<p style=\"text-align: center;\"><span style=\"font-size: 24px;\"><strong><a href=\"https:\/\/www.feuerwehr-altmuenster.at\/HP\/?p=3920\"><span style=\"text-decoration: underline;\">A-Boot: Arbeitsboot<\/span><\/a><\/strong><\/span><a href=\"https:\/\/www.feuerwehr-altmuenster.at\/HP\/?p=3920\"><img loading=\"lazy\" decoding=\"async\" class=\" wp-image-634 aligncenter\" src=\"https:\/\/www.feuerwehr-altmuenster.at\/HP\/wp-content\/uploads\/2019\/05\/slide5-300x202.jpg\" alt=\"\" width=\"632\" height=\"426\" srcset=\"https:\/\/www.feuerwehr-altmuenster.at\/HP\/wp-content\/uploads\/2019\/05\/slide5-300x202.jpg 300w, https:\/\/www.feuerwehr-altmuenster.at\/HP\/wp-content\/uploads\/2019\/05\/slide5.jpg 532w\" sizes=\"auto, (max-width: 632px) 100vw, 632px\" \/><\/a><\/p>\n<hr>\n<h2 style=\"text-align: center;\"><span style=\"text-decoration: underline; font-size: 24px;\">\u00d6lwehr<\/span><\/h2>\n<p>Als St\u00fctzpunkt f\u00fcr \u00d6lwehr auf Gew\u00e4ssern, hat uns das Landesfeuerwehrkommando einen \u00d6lwehranh\u00e4nger zur Verf\u00fcgung gestellt, mit dem wir unsere &#8222;Expandi&#8220; \u00d6lsperren zum Einsatzort bef\u00f6rdern k\u00f6nnen. Weiters sind in einer speziell f\u00fcr solche Eins\u00e4tze konstruierten Box Werkzeuge, Absch\u00f6pfsiebe, verschiedene Spezialfliese zum Binden des an der Wasseroberfl\u00e4che treibenden \u00d6lteppichs und sogenannte &#8222;Absperrw\u00fcrste&#8220; mit denen man in kleinen B\u00e4chen und \u00e4hnlichen Gew\u00e4ssern, das davon treiben des \u00d6ls verhindern kann.<\/p>\n","protected":false},"excerpt":{"rendered":"<p>WLF-K1 KS: Wechselladerfahrzeug mit Kran KRFS-A: Kleinr\u00fcstfahrzeug Sonder-Allrad TMB 23-12: Teleskopmastb\u00fchne MTFA: Mannschaftstransportfahrzeug TLF 4000: Tankl\u00f6schfahrzeug &nbsp; &nbsp; VF: Vorausfahrzeug KDO: Kommandofahrzeug &nbsp; A-Boot: Arbeitsboot \u00d6lwehr Als St\u00fctzpunkt f\u00fcr \u00d6lwehr&hellip; <\/p>\n","protected":false},"author":3,"featured_media":0,"parent":73,"menu_order":1,"comment_status":"closed","ping_status":"closed","template":"","meta":{"ngg_post_thumbnail":0,"footnotes":""},"class_list":["post-93","page","type-page","status-publish","hentry"],"_links":{"self":[{"href":"https:\/\/www.feuerwehr-altmuenster.at\/HP\/index.php?rest_route=\/wp\/v2\/pages\/93","targetHints":{"allow":["GET"]}}],"collection":[{"href":"https:\/\/www.feuerwehr-altmuenster.at\/HP\/index.php?rest_route=\/wp\/v2\/pages"}],"about":[{"href":"https:\/\/www.feuerwehr-altmuenster.at\/HP\/index.php?rest_route=\/wp\/v2\/types\/page"}],"author":[{"embeddable":true,"href":"https:\/\/www.feuerwehr-altmuenster.at\/HP\/index.php?rest_route=\/wp\/v2\/users\/3"}],"replies":[{"embeddable":true,"href":"https:\/\/www.feuerwehr-altmuenster.at\/HP\/index.php?rest_route=%2Fwp%2Fv2%2Fcomments&post=93"}],"version-history":[{"count":47,"href":"https:\/\/www.feuerwehr-altmuenster.at\/HP\/index.php?rest_route=\/wp\/v2\/pages\/93\/revisions"}],"predecessor-version":[{"id":10099,"href":"https:\/\/www.feuerwehr-altmuenster.at\/HP\/index.php?rest_route=\/wp\/v2\/pages\/93\/revisions\/10099"}],"up":[{"embeddable":true,"href":"https:\/\/www.feuerwehr-altmuenster.at\/HP\/index.php?rest_route=\/wp\/v2\/pages\/73"}],"wp:attachment":[{"href":"https:\/\/www.feuerwehr-altmuenster.at\/HP\/index.php?rest_route=%2Fwp%2Fv2%2Fmedia&parent=93"}],"curies":[{"name":"wp","href":"https:\/\/api.w.org\/{rel}","templated":true}]}}