{"id":7802,"date":"2023-10-06T14:15:41","date_gmt":"2023-10-06T12:15:41","guid":{"rendered":"https:\/\/www.feuerwehr-altmuenster.at\/HP\/?page_id=7802"},"modified":"2023-10-06T14:15:41","modified_gmt":"2023-10-06T12:15:41","slug":"dein-weg-zu-uns","status":"publish","type":"page","link":"https:\/\/www.feuerwehr-altmuenster.at\/HP\/?page_id=7802","title":{"rendered":"Dein Weg zu uns"},"content":{"rendered":"<div class=\"everest-forms\"><div class=\"evf-container default\" id=\"evf-6866\"><form id=\"evf-form-6866\" class=\"everest-form\" data-formid=\"6866\" data-ajax_submission=\"0\" data-keyboard_friendly_form=\"0\" data-form_state_type=\"\" method=\"post\" enctype=\"multipart\/form-data\" action=\"\/HP\/index.php?rest_route=%2Fwp%2Fv2%2Fpages%2F7802\"><div class=\"evf-field-container\"><input type=\"hidden\" id=\"_wpnonce6866\" name=\"_wpnonce6866\" value=\"5fbee6f4e3\" \/><input type=\"hidden\" name=\"_wp_http_referer\" value=\"\/HP\/index.php?rest_route=%2Fwp%2Fv2%2Fpages%2F7802\" \/><div class=\"evf-frontend-row\" data-row=\"row_1\" conditional_rules=\"[]\"><div class=\"evf-frontend-grid evf-grid-1\" data-grid=\"grid_1\"><div id=\"evf-6866-field_fullname-container\" class=\"evf-field evf-field-text form-row validate-required\" data-required-field-message=\"Das ist ein Pflichtfeld\" data-field-id=\"fullname\"><label class=\"evf-field-label\" for=\"evf-6866-field_fullname\"><span class=\"evf-label\">Name<\/span> <abbr class=\"required\" title=\"Required\">*<\/abbr><\/label><input type=\"text\" id=\"evf-6866-field_fullname\" class=\"input-text\" name=\"everest_forms[form_fields][fullname]\" required><div class=\"evf-field-description\">Pflichtfeld, wir w\u00fcrden gerne wissen, wie wir Dich anreden k\u00f6nnen<\/div><\/div><div id=\"evf-6866-field_email-container\" class=\"evf-field evf-field-email form-row validate-required validate-email\" data-required-field-message=\"Das ist ein Pflichtfeld\" data-field-id=\"email\"><label class=\"evf-field-label\" for=\"evf-6866-field_email\"><span class=\"evf-label\">Email<\/span> <abbr class=\"required\" title=\"Required\">*<\/abbr><\/label><input type=\"email\" id=\"evf-6866-field_email\" class=\"input-text\" name=\"everest_forms[form_fields][email]\" required ><div class=\"evf-field-description\">Pflichtfeld, die Strompost bringt allen was<\/div><\/div><div id=\"evf-6866-field_DwEZgbutFE-4-container\" class=\"evf-field evf-field-text form-row validate-required\" data-required-field-message=\"Das ist ein Pflichtfeld\" data-field-id=\"DwEZgbutFE-4\"><label class=\"evf-field-label\" for=\"evf-6866-field_DwEZgbutFE-4\"><span class=\"evf-label\">Telefon<\/span> <abbr class=\"required\" title=\"Required\">*<\/abbr><\/label><input type=\"text\" id=\"evf-6866-field_DwEZgbutFE-4\" class=\"input-text\" name=\"everest_forms[form_fields][DwEZgbutFE-4]\" required><div class=\"evf-field-description\">Pflichtfeld, damit wir Dich erreichen k\u00f6nnen<\/div><\/div><div id=\"evf-6866-field_subject-container\" class=\"evf-field evf-field-text form-row\" data-field-id=\"subject\"><label class=\"evf-field-label\" for=\"evf-6866-field_subject\"><span class=\"evf-label\">Alter<\/span> <\/label><input type=\"text\" id=\"evf-6866-field_subject\" class=\"input-text\" name=\"everest_forms[form_fields][subject]\" ><div class=\"evf-field-description\">Ist nicht so wichtig, aber eben auch interessant<\/div><\/div><div id=\"evf-6866-field_oRxhRorXqO-1-container\" class=\"evf-field evf-field-text form-row\" data-field-id=\"oRxhRorXqO-1\"><label class=\"evf-field-label\" for=\"evf-6866-field_oRxhRorXqO-1\"><span class=\"evf-label\">Dein Beruf<\/span> <\/label><input type=\"text\" id=\"evf-6866-field_oRxhRorXqO-1\" class=\"input-text\" name=\"everest_forms[form_fields][oRxhRorXqO-1]\" ><div class=\"evf-field-description\">Wir sind elektrisch, mechanisch, kaufm\u00e4nnisch, technisch, immer auf Schiene, auch administrativ und nat\u00fcrlich kreativ!<\/div><\/div><div id=\"evf-6866-field_message-container\" class=\"evf-field evf-field-textarea form-row\" data-field-id=\"message\"><label class=\"evf-field-label\" for=\"evf-6866-field_message\"><span class=\"evf-label\">Deine Hobbies<\/span> <\/label><textarea id=\"evf-6866-field_message\" class=\"input-text\" name=\"everest_forms[form_fields][message]\"  ><\/textarea><div class=\"evf-field-description\">Schreib uns was \u00fcber Dich, damit wir Kameradschaftlich mit Dir planen k\u00f6nnen. Neben der Feuerwehr gehen wir gerne Schifahren, in die Berge, machen Ausfl\u00fcge, oder auch mal gemeinsam Urlaub. Ober wir hocken einfach beisammen und reden \u00fcber Gott und die Welt.<\/div><\/div><\/div><\/div><div class=\"evf-frontend-row\" data-row=\"row_2\" conditional_rules=\"[]\"><div class=\"evf-frontend-grid evf-grid-1\" data-grid=\"grid_1\"><\/div><\/div><\/div><div class=\"evf-recaptcha-container \" style=\"display:block\"><div class=\"g-recaptcha\" data-sitekey=\"6LfncEIoAAAAAAX6ZmK7u4LXWgO1s_GTiwY9g0YZ\"><\/div><\/div><div class=\"evf-submit-container \" ><input type=\"hidden\" name=\"everest_forms[id]\" value=\"6866\"><input type=\"hidden\" name=\"everest_forms[author]\" value=\"3\"><button type='submit' name='everest_forms[submit]' class='everest-forms-submit-button button evf-submit ' id='evf-submit-6866' value='evf-submit' data-process-text=\"Processing\u2026\" conditional_rules='&quot;&quot;' conditional_id='evf-submit-6866'  id=\"evf-submit-6866\" aria-live=\"assertive\">Absenden<\/button><\/div><\/form><\/div><!-- .evf-container --><\/div>\n","protected":false},"excerpt":{"rendered":"","protected":false},"author":3,"featured_media":0,"parent":0,"menu_order":0,"comment_status":"closed","ping_status":"closed","template":"","meta":{"ngg_post_thumbnail":0,"footnotes":""},"class_list":["post-7802","page","type-page","status-publish","hentry"],"_links":{"self":[{"href":"https:\/\/www.feuerwehr-altmuenster.at\/HP\/index.php?rest_route=\/wp\/v2\/pages\/7802","targetHints":{"allow":["GET"]}}],"collection":[{"href":"https:\/\/www.feuerwehr-altmuenster.at\/HP\/index.php?rest_route=\/wp\/v2\/pages"}],"about":[{"href":"https:\/\/www.feuerwehr-altmuenster.at\/HP\/index.php?rest_route=\/wp\/v2\/types\/page"}],"author":[{"embeddable":true,"href":"https:\/\/www.feuerwehr-altmuenster.at\/HP\/index.php?rest_route=\/wp\/v2\/users\/3"}],"replies":[{"embeddable":true,"href":"https:\/\/www.feuerwehr-altmuenster.at\/HP\/index.php?rest_route=%2Fwp%2Fv2%2Fcomments&post=7802"}],"version-history":[{"count":1,"href":"https:\/\/www.feuerwehr-altmuenster.at\/HP\/index.php?rest_route=\/wp\/v2\/pages\/7802\/revisions"}],"predecessor-version":[{"id":7803,"href":"https:\/\/www.feuerwehr-altmuenster.at\/HP\/index.php?rest_route=\/wp\/v2\/pages\/7802\/revisions\/7803"}],"wp:attachment":[{"href":"https:\/\/www.feuerwehr-altmuenster.at\/HP\/index.php?rest_route=%2Fwp%2Fv2%2Fmedia&parent=7802"}],"curies":[{"name":"wp","href":"https:\/\/api.w.org\/{rel}","templated":true}]}}