{"id":73,"date":"2019-03-15T17:34:29","date_gmt":"2019-03-15T16:34:29","guid":{"rendered":"https:\/\/www.feuerwehr-altmuenster.at\/HP\/?page_id=73"},"modified":"2025-12-15T21:15:50","modified_gmt":"2025-12-15T20:15:50","slug":"ueber-uns","status":"publish","type":"page","link":"https:\/\/www.feuerwehr-altmuenster.at\/HP\/?page_id=73","title":{"rendered":"\u00dcber uns"},"content":{"rendered":"<p><img loading=\"lazy\" decoding=\"async\" class=\"aligncenter wp-image-3965\" src=\"https:\/\/www.feuerwehr-altmuenster.at\/HP\/wp-content\/uploads\/2021\/03\/KMFotos__5a-1024x385.jpg\" alt=\"\" width=\"962\" height=\"361\" srcset=\"https:\/\/www.feuerwehr-altmuenster.at\/HP\/wp-content\/uploads\/2021\/03\/KMFotos__5a-1024x385.jpg 1024w, https:\/\/www.feuerwehr-altmuenster.at\/HP\/wp-content\/uploads\/2021\/03\/KMFotos__5a-300x113.jpg 300w, https:\/\/www.feuerwehr-altmuenster.at\/HP\/wp-content\/uploads\/2021\/03\/KMFotos__5a-768x289.jpg 768w, https:\/\/www.feuerwehr-altmuenster.at\/HP\/wp-content\/uploads\/2021\/03\/KMFotos__5a.jpg 1497w\" sizes=\"auto, (max-width: 962px) 100vw, 962px\" \/><\/p>\n<p style=\"text-align: center;\"><strong>Unsere Mannschaft besteht momentan aus 74 Mann\/Frau im Aktivstand, 18 in der Jugend und 14 M\u00e4nner im Reservestand. <\/strong>&nbsp;<\/p>\n<p>Die Herberge unserer Feuerwehr ist das 2004 neu er\u00f6ffnete Sicherheitszentrum am Don-Alfonso-Weg.&nbsp;Hier sind wir mit unseren Fahrzeugen und unserer Ausr\u00fcstung, zusammen mit der benachbarten Polizeiinspektion untergebracht.&nbsp;<\/p>\n<p>Das Herzst\u00fcck bildet die Einsatzzentrale mit der integrierten Bezirkswarnstelle f\u00fcr den Bezirk Gmunden. Hier k\u00f6nnen bei einem eintretenden Gro\u00dfschadensereignis, insbesondere bei starken Unwettern, etc. alle Feuerwehren im Bezirk zu jeder Tages und Nachtzeit per Warn- und Alarmsystem \u00fcber Funk oder mittels Sirene und Pager alarmiert werden.<\/p>\n<p>Im Normalfall kommt man mit der Feuerwehr-Notrufnummer 122 direkt nach Linz zur Landeswarnzentrale f\u00fcr O\u00d6. Von dort werden dann die zust\u00e4ndigen Feuerwehren alarmiert.<\/p>\n<p><span style=\"text-decoration: underline;\"><strong>EINSATZGEBIET<\/strong><\/span><\/p>\n<p>Die Marktgemeinde Altm\u00fcnster umfasst ein Gebiet von 79km\u00b2 und weist derzeit einen Einwohnerstand von ca. 9900 auf.<\/p>\n<p>Die Ballungszentren der Marktgemeinde Altm\u00fcnster sind die drei Hauptorte Altm\u00fcnster, Neukirchen und Reindlm\u00fchl, welche durchwegs offene Bauweise aufweisen. Das restliche Gemeindegebiet ist in Form von Weilern und Streusiedlungen sowie landwirtschaftlichen Anwesen besiedelt. Der Gro\u00dfteil der Gemeindefl\u00e4che nehmen Agrarfl\u00e4chen (land- und forstwirtschaftliche Nutzung) ein, Industrieansiedlungen sind eher kleinerer Natur (Holz- und Metallverarbeitung). Einen bedeutenden Wirtschaftsfaktor stellt der Fremdenverkehr mit einigen gro\u00dfen Beherbergungsbetrieben (\u00fcber 100 G\u00e4stebetten) und einer Vielzahl von Klein- und Privatvermietern dar, welchem seitens der Feuerwehr ein entsprechendes Augenmerk gewidmet wird.<\/p>\n<p>Dar\u00fcber hinaus beherbergt Altm\u00fcnster eine Reihe von Schulen und Kinderg\u00e4rten, die ebenfalls die Aufmerksamkeit der Feuerwehr, vor allem in puncto vorbeugender Brandschutz, auf sich ziehen. 4 Volks- und 2 Hauptschulen, 5 Kinderg\u00e4rten, von denen 2 in Schulgeb\u00e4uden untergebracht sind, 1 Bundesrealgymnasium mit Internat, 1 landwirtschaftliche Fachschule (besteht zu 80% aus Holz) mit Internat und die gastgewerbliche Berufsschule, welcher ein Internatsbetrieb mit 450 Sch\u00fclerInnen angeschlossen ist, sind von der Feuerwehr zu betreuen. Weiters das neurologische Rehazentrum mit 150 Betten am Gmundnerberg.<\/p>\n<p>Nicht zu vergessen ist das Altenwohnheim der Marktgemeinde Altm\u00fcnster, in welchem ca. 80 Senioren untergebracht sind und etwa 20 Bedienstete ihren Arbeitsplatz haben.<\/p>\n<p>Als gr\u00f6\u00dfter Verkehrstr\u00e4ger in der Marktgemeinde ist sicherlich die B145 anzusehen, welche zugleich auch die einzige Nord-S\u00fcd Verbindung des Bezirkes Gmunden darstellt und auf welcher nicht nur der Individualverkehr, sondern auch der gesamte Schwerverkehr, zu dem noch in zunehmendem Ma\u00dfe der LKW-Transitverkehr hinzukommt, abgewickelt wird. Mit unserem KRF mit hydraulischem Rettungsger\u00e4t (Schere und Spreizer) und dem WLF, mit Kran ausgestattet, sind wir f\u00fcr viele technische Eins\u00e4tze im Gemeindegebiet zust\u00e4ndig und m\u00fcssen leider auch laufend zu schweren Verkehrsunf\u00e4llen ausr\u00fccken.<\/p>\n<p>Nicht zu vergessen ist, dass auch ein Teil des Traunsees zu unserem Einsatzgebiet geh\u00f6rt, den wir mit unserem A-Boot zu betreuen haben.<\/p>\n<p><span style=\"font-size: 12px;\">Gruppenfoto: Manfred Keller, <a href=\"http:\/\/www.fotoshoptraunsee.at\" target=\"_blank\" rel=\"noopener\">www.fotoshoptraunsee.at<\/a><\/span><\/p>\n","protected":false},"excerpt":{"rendered":"<p>Unsere Mannschaft besteht momentan aus 74 Mann\/Frau im Aktivstand, 18 in der Jugend und 14 M\u00e4nner im Reservestand. &nbsp; Die Herberge unserer Feuerwehr ist das 2004 neu er\u00f6ffnete Sicherheitszentrum am&hellip; <\/p>\n","protected":false},"author":3,"featured_media":0,"parent":0,"menu_order":0,"comment_status":"closed","ping_status":"closed","template":"","meta":{"ngg_post_thumbnail":0,"footnotes":""},"class_list":["post-73","page","type-page","status-publish","hentry"],"_links":{"self":[{"href":"https:\/\/www.feuerwehr-altmuenster.at\/HP\/index.php?rest_route=\/wp\/v2\/pages\/73","targetHints":{"allow":["GET"]}}],"collection":[{"href":"https:\/\/www.feuerwehr-altmuenster.at\/HP\/index.php?rest_route=\/wp\/v2\/pages"}],"about":[{"href":"https:\/\/www.feuerwehr-altmuenster.at\/HP\/index.php?rest_route=\/wp\/v2\/types\/page"}],"author":[{"embeddable":true,"href":"https:\/\/www.feuerwehr-altmuenster.at\/HP\/index.php?rest_route=\/wp\/v2\/users\/3"}],"replies":[{"embeddable":true,"href":"https:\/\/www.feuerwehr-altmuenster.at\/HP\/index.php?rest_route=%2Fwp%2Fv2%2Fcomments&post=73"}],"version-history":[{"count":10,"href":"https:\/\/www.feuerwehr-altmuenster.at\/HP\/index.php?rest_route=\/wp\/v2\/pages\/73\/revisions"}],"predecessor-version":[{"id":12479,"href":"https:\/\/www.feuerwehr-altmuenster.at\/HP\/index.php?rest_route=\/wp\/v2\/pages\/73\/revisions\/12479"}],"wp:attachment":[{"href":"https:\/\/www.feuerwehr-altmuenster.at\/HP\/index.php?rest_route=%2Fwp%2Fv2%2Fmedia&parent=73"}],"curies":[{"name":"wp","href":"https:\/\/api.w.org\/{rel}","templated":true}]}}