{"id":3,"date":"2019-03-14T18:51:10","date_gmt":"2019-03-14T17:51:10","guid":{"rendered":"https:\/\/www.feuerwehr-altmuenster.at\/HP\/?page_id=3"},"modified":"2020-02-17T16:28:35","modified_gmt":"2020-02-17T15:28:35","slug":"datenschutzerklaerung","status":"publish","type":"page","link":"https:\/\/www.feuerwehr-altmuenster.at\/HP\/?page_id=3","title":{"rendered":"Datenschutzerkl\u00e4rung"},"content":{"rendered":"\r\n<h2 class=\"wp-block-heading\" style=\"text-align: center;\">Feuerwehr Altm\u00fcnster<\/h2>\r\n<p style=\"text-align: center;\"><span style=\"font-size: 16px;\">Don-Alfonso-Weg 16<\/span><\/p>\r\n<p style=\"text-align: center;\">4813 Altm\u00fcnster<\/p>\r\n<p style=\"text-align: center;\">07612\/87122<\/p>\r\n<p style=\"text-align: center;\"><a href=\"mailto:03201@gm.ooelfv.at\" target=\"_blank\" rel=\"noopener noreferrer\">Mail<\/a><\/p>\r\n<div class=\"clearFloating\">&nbsp;<\/div>\r\n<div id=\"widgetcontainer_W4YPRD_cm4all_com_widgets_Separator_4492353\" class=\"cm_widget_block      cm_widget cm4all_com_widgets_Separator cm_widget_block_center cm-pixel-large cm-pixel-xlarge\">\r\n<div>\r\n<div>&nbsp;<\/div>\r\n<\/div>\r\n<\/div>\r\n<h2><span style=\"text-decoration: underline;\">Haftungsausschlu\u00df<\/span><\/h2>\r\n<p><strong>Haftungshinweis:<\/strong><\/p>\r\n<p>Trotz sorgf\u00e4ltiger inhaltlicher Kontrolle \u00fcbernehmen wir keine Haftung f\u00fcr die Inhalte externer Links. F\u00fcr den Inhalt der verlinkten Seiten sind ausschlie\u00dflich deren Betreiber verantwortlich.<\/p>\r\n<p><span style=\"text-decoration: underline;\"><strong>Hinweise zum Datenschutz:<\/strong><\/span><\/p>\r\n<p style=\"text-align: center;\"><strong>Wir (Feuerwehr Altm\u00fcnster) geben keinerlei Daten an Dritte weiter!<\/strong><\/p>\r\n<p><strong>Google:<\/strong><\/p>\r\n<p>Diese Website benutzt Google Analytics, einen Webanalysedienst der Google Inc. (\u201eGoogle\u201c). Google Analytics verwendet sog. \u201eCookies\u201c, Textdateien, die auf Ihrem Computer gespeichert werden und die eine Analyse der Benutzung der Website durch Sie erm\u00f6glichen. Die durch den Cookie erzeugten Informationen \u00fcber Ihre Benutzung dieser Website (einschlie\u00dflich Ihrer IP-Adresse) wird an einen Server von Google in den USA \u00fcbertragen und dort gespeichert. Google wird diese Informationen benutzen, um Ihre Nutzung der Website auszuwerten, um Reports \u00fcber die Websiteaktivit\u00e4ten f\u00fcr die Websitebetreiber zusammenzustellen und um weitere mit der Websitenutzung und der Internetnutzung verbundene Dienstleistungen zu erbringen. Auch wird Google diese Informationen gegebenenfalls an Dritte \u00fcbertragen, sofern dies gesetzlich vorgeschrieben oder soweit Dritte diese Daten im Auftrag von Google verarbeiten. Google wird in keinem Fall Ihre IP-Adresse mit anderen Daten von Google in Verbindung bringen. Sie k\u00f6nnen die Installation der Cookies durch eine entsprechende Einstellung Ihrer Browser Software verhindern; wir weisen Sie jedoch darauf hin, dass Sie in diesem Fall gegebenenfalls nicht s\u00e4mtliche Funktionen dieser Website vollumf\u00e4nglich nutzen k\u00f6nnen. Durch die Nutzung dieser Website erkl\u00e4ren Sie sich mit der Bearbeitung der \u00fcber Sie erhobenen Daten durch Google in der zuvor beschriebenen Art und Weise und zu dem zuvor benannten Zweck einverstanden. Der Datenerhebung und -speicherung kann jederzeit mit Wirkung f\u00fcr die Zukunft widersprochen werden. Angesichts der Diskussion um den Einsatz von Analysetools mit vollst\u00e4ndigen IP-Adressen m\u00f6chten wir darauf hinweisen, dass diese Website Google Analytics mit der Erweiterung \u201e_anonymizeIp()\u201c verwendet und daher IP-Adressen nur gek\u00fcrzt weiterverarbeitet werden, um eine direkte Personenbeziehbarkeit auszuschlie\u00dfen.<\/p>\r\n<h2><span style=\"text-decoration: underline;\">Copyright<\/span><\/h2>\r\n<p>Die Freiwillige Feuerwehr Altm\u00fcnster beh\u00e4lt sich die Rechte an allen Inhalten, Bildern und sonstigen Ver\u00f6ffentlichungen auf der Homepage www.feuerwehr-altmuenster.at. F\u00fcr die Richtigkeit der Inhalte, sowie der Rechtschreibung \u00fcbernimmt die Freiwillige Feuerwehr Altm\u00fcnster keinerlei Haftung.<\/p>\r\n<p>Die Bilder&nbsp; und Texte, wenn nicht anders angegeben,&nbsp; stammen von der Feuerwehr Altm\u00fcnster, welcher als Urheber gilt.<br>Sie sind urheberrechtlich gesch\u00fctzt und d\u00fcrfen nur mit ausdr\u00fccklicher Zustimmung des Urhebers verwendet werden!<\/p>\r\n<p><strong>Brandschutztips:<\/strong><\/p>\r\n<p>Alle gelisteten Tips und Ratgeber wurden uns von der Brandverh\u00fctungsstelle O\u00d6 freundlicherweise schriftlich zur Ver\u00f6ffentlichung genehmigt &#8211; Copyright:&nbsp;<a class=\"cm_anchor\" href=\"http:\/\/www.bvs-linz.at\/\" target=\"_blank\" rel=\"noopener noreferrer\">www.bvs-linz.at<\/a><\/p>\r\n","protected":false},"excerpt":{"rendered":"<p>Feuerwehr Altm\u00fcnster Don-Alfonso-Weg 16 4813 Altm\u00fcnster 07612\/87122 Mail &nbsp; &nbsp; Haftungsausschlu\u00df Haftungshinweis: Trotz sorgf\u00e4ltiger inhaltlicher Kontrolle \u00fcbernehmen wir keine Haftung f\u00fcr die Inhalte externer Links. F\u00fcr den Inhalt der verlinkten&hellip; <\/p>\n","protected":false},"author":1,"featured_media":0,"parent":73,"menu_order":0,"comment_status":"closed","ping_status":"open","template":"","meta":{"ngg_post_thumbnail":0,"footnotes":""},"class_list":["post-3","page","type-page","status-publish","hentry"],"_links":{"self":[{"href":"https:\/\/www.feuerwehr-altmuenster.at\/HP\/index.php?rest_route=\/wp\/v2\/pages\/3","targetHints":{"allow":["GET"]}}],"collection":[{"href":"https:\/\/www.feuerwehr-altmuenster.at\/HP\/index.php?rest_route=\/wp\/v2\/pages"}],"about":[{"href":"https:\/\/www.feuerwehr-altmuenster.at\/HP\/index.php?rest_route=\/wp\/v2\/types\/page"}],"author":[{"embeddable":true,"href":"https:\/\/www.feuerwehr-altmuenster.at\/HP\/index.php?rest_route=\/wp\/v2\/users\/1"}],"replies":[{"embeddable":true,"href":"https:\/\/www.feuerwehr-altmuenster.at\/HP\/index.php?rest_route=%2Fwp%2Fv2%2Fcomments&post=3"}],"version-history":[{"count":5,"href":"https:\/\/www.feuerwehr-altmuenster.at\/HP\/index.php?rest_route=\/wp\/v2\/pages\/3\/revisions"}],"predecessor-version":[{"id":2795,"href":"https:\/\/www.feuerwehr-altmuenster.at\/HP\/index.php?rest_route=\/wp\/v2\/pages\/3\/revisions\/2795"}],"up":[{"embeddable":true,"href":"https:\/\/www.feuerwehr-altmuenster.at\/HP\/index.php?rest_route=\/wp\/v2\/pages\/73"}],"wp:attachment":[{"href":"https:\/\/www.feuerwehr-altmuenster.at\/HP\/index.php?rest_route=%2Fwp%2Fv2%2Fmedia&parent=3"}],"curies":[{"name":"wp","href":"https:\/\/api.w.org\/{rel}","templated":true}]}}