{"id":144,"date":"2019-03-15T18:28:27","date_gmt":"2019-03-15T17:28:27","guid":{"rendered":"https:\/\/www.feuerwehr-altmuenster.at\/HP\/?page_id=144"},"modified":"2023-06-28T14:32:41","modified_gmt":"2023-06-28T12:32:41","slug":"brandschutzratgeber","status":"publish","type":"page","link":"https:\/\/www.feuerwehr-altmuenster.at\/HP\/?page_id=144","title":{"rendered":"Ratgeber"},"content":{"rendered":"<h2><span style=\"text-decoration: underline;\"><strong><span style=\"font-size: 16px;\">Brandschutzratgeber zum Download<\/span><\/strong><\/span><\/h2>\n<p>Alle hier aufgelisteten Ratgeber wurden uns von der Brandverh\u00fctungsstelle O\u00d6 freundlicherweise zur Ver\u00f6ffentlichung schriftlich genehmigt!<\/p>\n<p>PDF Download&nbsp;<\/p>\n<table style=\"width: 100%;\">\n<tbody>\n<tr>\n<td style=\"width: 18.303%;\"><a href=\"https:\/\/www.feuerwehr-altmuenster.at\/HP\/wp-content\/uploads\/2019\/03\/Blitzgefahren.pdf\" target=\"_blank\" rel=\"noopener noreferrer\">Blitzgefahren<\/a><\/td>\n<td style=\"width: 18.6667%;\"><a href=\"https:\/\/www.feuerwehr-altmuenster.at\/HP\/wp-content\/uploads\/2019\/03\/Boote.pdf\" target=\"_blank\" rel=\"noopener noreferrer\">Boote<\/a><\/td>\n<td style=\"width: 17.2121%;\"><a href=\"https:\/\/www.feuerwehr-altmuenster.at\/HP\/wp-content\/uploads\/2019\/03\/Brandmeldeanlage.pdf\">Brandmelde-<br \/>\nanlage<\/a><\/td>\n<td style=\"width: 23.5152%;\"><a href=\"https:\/\/www.feuerwehr-altmuenster.at\/HP\/wp-content\/uploads\/2019\/03\/Brandschutzunterweisung.pdf\">Brandschutz-<br \/>\nunterweisung<\/a><\/td>\n<td style=\"width: 19.3939%;\"><a href=\"https:\/\/www.feuerwehr-altmuenster.at\/HP\/wp-content\/uploads\/2019\/03\/broschuere.pdf\" target=\"_blank\" rel=\"noopener noreferrer\">Betrieblicher Brandschutz<\/a><\/td>\n<\/tr>\n<tr>\n<td style=\"width: 18.303%;\"><a href=\"https:\/\/www.feuerwehr-altmuenster.at\/HP\/wp-content\/uploads\/2019\/03\/Campieren.pdf\" target=\"_blank\" rel=\"noopener noreferrer\">Camping<\/a><\/td>\n<td style=\"width: 18.6667%;\"><a href=\"https:\/\/www.feuerwehr-altmuenster.at\/HP\/wp-content\/uploads\/2019\/03\/Faschingszeit.pdf\" target=\"_blank\" rel=\"noopener noreferrer\">Faschingszeit<\/a><\/td>\n<td style=\"width: 17.2121%;\"><a href=\"https:\/\/www.feuerwehr-altmuenster.at\/HP\/wp-content\/uploads\/2019\/03\/Friedenslicht.pdf\" target=\"_blank\" rel=\"noopener noreferrer\">Friedenslicht<\/a><\/td>\n<td style=\"width: 23.5152%;\"><a href=\"https:\/\/www.feuerwehr-altmuenster.at\/HP\/wp-content\/uploads\/2019\/03\/Grillen.pdf\" target=\"_blank\" rel=\"noopener noreferrer\">Grillen<\/a><\/td>\n<td style=\"width: 19.3939%;\"><a href=\"https:\/\/www.feuerwehr-altmuenster.at\/HP\/wp-content\/uploads\/2019\/03\/Handfeuerloescher.pdf\" target=\"_blank\" rel=\"noopener noreferrer\">Handfeuerl\u00f6scher<\/a><\/td>\n<\/tr>\n<tr>\n<td style=\"width: 18.303%;\"><a href=\"https:\/\/www.feuerwehr-altmuenster.at\/HP\/wp-content\/uploads\/2019\/03\/Haushalt.pdf\" target=\"_blank\" rel=\"noopener noreferrer\">Haushalt<\/a><\/td>\n<td style=\"width: 18.6667%;\"><a href=\"https:\/\/www.feuerwehr-altmuenster.at\/HP\/wp-content\/uploads\/2019\/03\/Heizen.pdf\" target=\"_blank\" rel=\"noopener noreferrer\">Heizen<\/a><\/td>\n<td style=\"width: 17.2121%;\"><a href=\"https:\/\/www.feuerwehr-altmuenster.at\/HP\/wp-content\/uploads\/2019\/03\/Hochhaeuser.pdf\" target=\"_blank\" rel=\"noopener noreferrer\">Hochh\u00e4user<\/a><\/td>\n<td style=\"width: 23.5152%;\"><a href=\"https:\/\/www.feuerwehr-altmuenster.at\/HP\/wp-content\/uploads\/2019\/03\/Homemelder.pdf\" target=\"_blank\" rel=\"noopener noreferrer\">Homemelder<\/a><\/td>\n<td style=\"width: 19.3939%;\"><a href=\"https:\/\/www.feuerwehr-altmuenster.at\/HP\/wp-content\/uploads\/2019\/03\/Hotelbraende.pdf\" target=\"_blank\" rel=\"noopener noreferrer\">Hotelbr\u00e4nde<\/a><\/td>\n<\/tr>\n<tr>\n<td style=\"width: 18.303%;\"><a href=\"https:\/\/www.feuerwehr-altmuenster.at\/HP\/wp-content\/uploads\/2019\/03\/KFZ-Braende.pdf\" target=\"_blank\" rel=\"noopener noreferrer\">KFZ-Br\u00e4nde<\/a><\/td>\n<td style=\"width: 18.6667%;\"><a href=\"https:\/\/www.feuerwehr-altmuenster.at\/HP\/wp-content\/uploads\/2019\/03\/2010_BF-Muenchen_Photovoltaik-Gefahren-Einsatzkraefte.pdf\" target=\"_blank\" rel=\"noopener noreferrer\">Photovoltaik-<br \/>\nanlagen<\/a><\/td>\n<td style=\"width: 17.2121%;\"><a href=\"https:\/\/www.feuerwehr-altmuenster.at\/HP\/wp-content\/uploads\/2019\/03\/Silvester.pdf\" target=\"_blank\" rel=\"noopener noreferrer\">Silvester<\/a><\/td>\n<td style=\"width: 23.5152%;\"><a href=\"https:\/\/www.feuerwehr-altmuenster.at\/HP\/wp-content\/uploads\/2019\/03\/Tunnel.pdf\" target=\"_blank\" rel=\"noopener noreferrer\">Tunnel<\/a><\/td>\n<td style=\"width: 19.3939%;\"><a href=\"https:\/\/www.feuerwehr-altmuenster.at\/HP\/wp-content\/uploads\/2019\/03\/Weihnachten.pdf\" target=\"_blank\" rel=\"noopener noreferrer\">Weihnachten<\/a><\/td>\n<\/tr>\n<tr>\n<td style=\"width: 18.303%;\"><a href=\"https:\/\/www.feuerwehr-altmuenster.at\/HP\/wp-content\/uploads\/2019\/03\/WennsTrotzdemBrennt.pdf\" target=\"_blank\" rel=\"noopener noreferrer\">Wenns trotzdem brennt<\/a><\/td>\n<td style=\"width: 18.6667%;\"><a href=\"https:\/\/www.feuerwehr-altmuenster.at\/HP\/?p=1581\">Mobile Klimager\u00e4te<\/a><\/td>\n<td style=\"width: 17.2121%;\">&nbsp;<\/td>\n<td style=\"width: 23.5152%;\">&nbsp;<\/td>\n<td style=\"width: 19.3939%;\">&nbsp;<\/td>\n<\/tr>\n<\/tbody>\n<\/table>\n<p><strong>&nbsp;<a class=\"cm_anchor\" href=\"http:\/\/get.adobe.com\/de\/reader\/\" target=\"_blank\" rel=\"noopener noreferrer\">Adobe Reader Download<\/a><\/strong><\/p>\n<p><span style=\"font-size: 10px;\">Copyright:&nbsp;<strong><a class=\"cm_anchor\" href=\"http:\/\/www.bvs-linz.at\/\" target=\"_blank\" rel=\"noopener noreferrer\">www.bvs-linz.at<\/a>&nbsp;<\/strong><\/span><\/p>\n","protected":false},"excerpt":{"rendered":"<p>Brandschutzratgeber zum Download Alle hier aufgelisteten Ratgeber wurden uns von der Brandverh\u00fctungsstelle O\u00d6 freundlicherweise zur Ver\u00f6ffentlichung schriftlich genehmigt! PDF Download&nbsp; Blitzgefahren Boote Brandmelde- anlage Brandschutz- unterweisung Betrieblicher Brandschutz Camping Faschingszeit&hellip; <\/p>\n","protected":false},"author":3,"featured_media":0,"parent":132,"menu_order":0,"comment_status":"closed","ping_status":"closed","template":"","meta":{"ngg_post_thumbnail":0,"footnotes":""},"class_list":["post-144","page","type-page","status-publish","hentry"],"_links":{"self":[{"href":"https:\/\/www.feuerwehr-altmuenster.at\/HP\/index.php?rest_route=\/wp\/v2\/pages\/144","targetHints":{"allow":["GET"]}}],"collection":[{"href":"https:\/\/www.feuerwehr-altmuenster.at\/HP\/index.php?rest_route=\/wp\/v2\/pages"}],"about":[{"href":"https:\/\/www.feuerwehr-altmuenster.at\/HP\/index.php?rest_route=\/wp\/v2\/types\/page"}],"author":[{"embeddable":true,"href":"https:\/\/www.feuerwehr-altmuenster.at\/HP\/index.php?rest_route=\/wp\/v2\/users\/3"}],"replies":[{"embeddable":true,"href":"https:\/\/www.feuerwehr-altmuenster.at\/HP\/index.php?rest_route=%2Fwp%2Fv2%2Fcomments&post=144"}],"version-history":[{"count":17,"href":"https:\/\/www.feuerwehr-altmuenster.at\/HP\/index.php?rest_route=\/wp\/v2\/pages\/144\/revisions"}],"predecessor-version":[{"id":7095,"href":"https:\/\/www.feuerwehr-altmuenster.at\/HP\/index.php?rest_route=\/wp\/v2\/pages\/144\/revisions\/7095"}],"up":[{"embeddable":true,"href":"https:\/\/www.feuerwehr-altmuenster.at\/HP\/index.php?rest_route=\/wp\/v2\/pages\/132"}],"wp:attachment":[{"href":"https:\/\/www.feuerwehr-altmuenster.at\/HP\/index.php?rest_route=%2Fwp%2Fv2%2Fmedia&parent=144"}],"curies":[{"name":"wp","href":"https:\/\/api.w.org\/{rel}","templated":true}]}}