{"id":142,"date":"2019-03-15T18:28:06","date_gmt":"2019-03-15T17:28:06","guid":{"rendered":"https:\/\/www.feuerwehr-altmuenster.at\/HP\/?page_id=142"},"modified":"2023-06-28T11:31:00","modified_gmt":"2023-06-28T09:31:00","slug":"sicherheitstips","status":"publish","type":"page","link":"https:\/\/www.feuerwehr-altmuenster.at\/HP\/?page_id=142","title":{"rendered":"Sicherheitstipps"},"content":{"rendered":"<h2><strong><span style=\"font-size: 20px;\">Sie w\u00e4hlen den Notruf &#8211; Was tun?<\/span><\/strong><\/h2>\n<p><strong>Sie w\u00e4hlen den Notruf:<\/strong>&nbsp;Feuerwehr 122 &#8211; Polizei 133 &#8211; Rettung 144 &#8211; Euronotruf 112&nbsp;<\/p>\n<p>Dabei gilt&nbsp;<strong>Ruhe<\/strong>&nbsp;<strong>bewahren!<\/strong><strong>&nbsp;&#8211;&nbsp;<\/strong>Nun werden von Ihnen folgende Info ben\u00f6tigt:<\/p>\n<p><strong>Wer ruft an<\/strong>&nbsp;&#8211; Bitte nennen Sie Ihren Namen<\/p>\n<p><strong>Was ist passiert<\/strong>&nbsp;&#8211; Erkl\u00e4ren Sie die Situation, z.B.: Ein Wohnhaus brennt (Personen eingeschlossen?), Verkehrsunfall mit eingeklemmter Person,&#8230;<\/p>\n<p><strong>Wo ist es passiert<\/strong>&nbsp;&#8211; Bitte die Adresse so genau wie m\u00f6glich angeben: Stra\u00dfe mit Hausnummer, Kilometerangabe, Stra\u00dfennummer (z.B.: B145,&#8230;)<\/p>\n<p><strong>Wie viele Verletzte gibt es<\/strong>&nbsp;&#8211; Anzahl und Schweregrad, weiters besondere Situationen (eingeklemmt, abgest\u00fcrzt, versch\u00fcttet,&#8230;)<\/p>\n<p><strong>Warten Sie auf event.R\u00fcckfragen<\/strong>&nbsp;&#8211; Die Leitstelle beendet das Gespr\u00e4ch. Wenn m\u00f6glich bleiben Sie am Unfallort und melden Sie sich nochmals beim Notruf wenn sich die Lage vor dem Eintreffen der Einsatzkr\u00e4fte \u00e4ndert.<\/p>\n<p><img loading=\"lazy\" decoding=\"async\" class=\"size-full wp-image-391 aligncenter\" src=\"https:\/\/www.feuerwehr-altmuenster.at\/HP\/wp-content\/uploads\/2019\/03\/Feuerl\u00f6scher.jpg\" alt=\"\" width=\"497\" height=\"704\" srcset=\"https:\/\/www.feuerwehr-altmuenster.at\/HP\/wp-content\/uploads\/2019\/03\/Feuerl\u00f6scher.jpg 497w, https:\/\/www.feuerwehr-altmuenster.at\/HP\/wp-content\/uploads\/2019\/03\/Feuerl\u00f6scher-212x300.jpg 212w\" sizes=\"auto, (max-width: 497px) 100vw, 497px\" \/><\/p>\n<p>&nbsp;<\/p>\n<p>&nbsp;<\/p>\n","protected":false},"excerpt":{"rendered":"<p>Sie w\u00e4hlen den Notruf &#8211; Was tun? Sie w\u00e4hlen den Notruf:&nbsp;Feuerwehr 122 &#8211; Polizei 133 &#8211; Rettung 144 &#8211; Euronotruf 112&nbsp; Dabei gilt&nbsp;Ruhe&nbsp;bewahren!&nbsp;&#8211;&nbsp;Nun werden von Ihnen folgende Info ben\u00f6tigt: Wer&hellip; <\/p>\n","protected":false},"author":3,"featured_media":0,"parent":132,"menu_order":0,"comment_status":"closed","ping_status":"closed","template":"","meta":{"ngg_post_thumbnail":0,"footnotes":""},"class_list":["post-142","page","type-page","status-publish","hentry"],"_links":{"self":[{"href":"https:\/\/www.feuerwehr-altmuenster.at\/HP\/index.php?rest_route=\/wp\/v2\/pages\/142","targetHints":{"allow":["GET"]}}],"collection":[{"href":"https:\/\/www.feuerwehr-altmuenster.at\/HP\/index.php?rest_route=\/wp\/v2\/pages"}],"about":[{"href":"https:\/\/www.feuerwehr-altmuenster.at\/HP\/index.php?rest_route=\/wp\/v2\/types\/page"}],"author":[{"embeddable":true,"href":"https:\/\/www.feuerwehr-altmuenster.at\/HP\/index.php?rest_route=\/wp\/v2\/users\/3"}],"replies":[{"embeddable":true,"href":"https:\/\/www.feuerwehr-altmuenster.at\/HP\/index.php?rest_route=%2Fwp%2Fv2%2Fcomments&post=142"}],"version-history":[{"count":6,"href":"https:\/\/www.feuerwehr-altmuenster.at\/HP\/index.php?rest_route=\/wp\/v2\/pages\/142\/revisions"}],"predecessor-version":[{"id":7072,"href":"https:\/\/www.feuerwehr-altmuenster.at\/HP\/index.php?rest_route=\/wp\/v2\/pages\/142\/revisions\/7072"}],"up":[{"embeddable":true,"href":"https:\/\/www.feuerwehr-altmuenster.at\/HP\/index.php?rest_route=\/wp\/v2\/pages\/132"}],"wp:attachment":[{"href":"https:\/\/www.feuerwehr-altmuenster.at\/HP\/index.php?rest_route=%2Fwp%2Fv2%2Fmedia&parent=142"}],"curies":[{"name":"wp","href":"https:\/\/api.w.org\/{rel}","templated":true}]}}