{"id":138,"date":"2019-03-15T18:27:04","date_gmt":"2019-03-15T17:27:04","guid":{"rendered":"https:\/\/www.feuerwehr-altmuenster.at\/HP\/?page_id=138"},"modified":"2024-08-08T06:38:28","modified_gmt":"2024-08-08T04:38:28","slug":"wespennotruf","status":"publish","type":"page","link":"https:\/\/www.feuerwehr-altmuenster.at\/HP\/?page_id=138","title":{"rendered":"Wespennotruf"},"content":{"rendered":"<p>&nbsp;<\/p>\n<p><img loading=\"lazy\" decoding=\"async\" class=\"aligncenter size-large wp-image-9790\" src=\"https:\/\/www.feuerwehr-altmuenster.at\/HP\/wp-content\/uploads\/2024\/08\/Wespen--1024x477.jpg\" alt=\"\" width=\"1024\" height=\"477\" srcset=\"https:\/\/www.feuerwehr-altmuenster.at\/HP\/wp-content\/uploads\/2024\/08\/Wespen--1024x477.jpg 1024w, https:\/\/www.feuerwehr-altmuenster.at\/HP\/wp-content\/uploads\/2024\/08\/Wespen--300x140.jpg 300w, https:\/\/www.feuerwehr-altmuenster.at\/HP\/wp-content\/uploads\/2024\/08\/Wespen--768x357.jpg 768w, https:\/\/www.feuerwehr-altmuenster.at\/HP\/wp-content\/uploads\/2024\/08\/Wespen--1536x715.jpg 1536w, https:\/\/www.feuerwehr-altmuenster.at\/HP\/wp-content\/uploads\/2024\/08\/Wespen--2048x953.jpg 2048w\" sizes=\"auto, (max-width: 1024px) 100vw, 1024px\" \/><\/p>\n<p><strong>Wespeneins\u00e4tze<\/strong><\/p>\n<p>Heuer ist wahrlich ein Wespenjahr, die Tierchen qu\u00e4len uns an vielen Orten. Da ist ein Sch\u00e4dlingsbek\u00e4mpfer zu rufen, da sind wir als Feuerwehr nicht zust\u00e4ndig.<\/p>\n<p>Da die Zahl an solchen Eins\u00e4tzen stetig am Steigen ist und wir die personellen Ressourcen einfach nicht haben, um t\u00e4glich am Abend Wespennester, meist harmlose Natur, zu bek\u00e4mpfen, sind wir gezwungen folgende Regelung zu treffen:<\/p>\n<p>Wir sind zust\u00e4ndig, wenn bei einem Wespen- \/Hornissennest \u201eGefahr im Verzug\u201c ist, das bedeutet: Wenn Leib und Leben bedroht ist, oder wenn nachweislich eine Allergie besteht.<\/p>\n<p>Ansonsten ist ausschlie\u00dflich ein professioneller Sch\u00e4dlingsbek\u00e4mpfer zu rufen: Fa Eder, Gmunden, 07612\/70 6 33&nbsp; &#8212; <a href=\"https:\/\/www.schaedlingseder.at\/\">https:\/\/www.schaedlingseder.at\/<\/a><\/p>\n<p>Wir ersuchen um Verst\u00e4ndnis f\u00fcr die Ma\u00dfnahme<\/p>\n<p style=\"text-align: center;\"><a href=\"https:\/\/www.feuerwehr-altmuenster.at\/HP\/wp-content\/uploads\/2020\/09\/WespenGmBerg-2.jpg\" target=\"_blank\" rel=\"noopener noreferrer\"><img loading=\"lazy\" decoding=\"async\" class=\"aligncenter wp-image-3494 size-large\" src=\"https:\/\/www.feuerwehr-altmuenster.at\/HP\/wp-content\/uploads\/2020\/09\/WespenGmBerg-2-1024x461.jpg\" alt=\"\" width=\"800\" height=\"360\" srcset=\"https:\/\/www.feuerwehr-altmuenster.at\/HP\/wp-content\/uploads\/2020\/09\/WespenGmBerg-2-1024x461.jpg 1024w, https:\/\/www.feuerwehr-altmuenster.at\/HP\/wp-content\/uploads\/2020\/09\/WespenGmBerg-2-300x135.jpg 300w, https:\/\/www.feuerwehr-altmuenster.at\/HP\/wp-content\/uploads\/2020\/09\/WespenGmBerg-2-768x346.jpg 768w, https:\/\/www.feuerwehr-altmuenster.at\/HP\/wp-content\/uploads\/2020\/09\/WespenGmBerg-2-1536x691.jpg 1536w, https:\/\/www.feuerwehr-altmuenster.at\/HP\/wp-content\/uploads\/2020\/09\/WespenGmBerg-2.jpg 2000w\" sizes=\"auto, (max-width: 800px) 100vw, 800px\" \/><\/a><\/p>\n","protected":false},"excerpt":{"rendered":"<p>&nbsp; Wespeneins\u00e4tze Heuer ist wahrlich ein Wespenjahr, die Tierchen qu\u00e4len uns an vielen Orten. Da ist ein Sch\u00e4dlingsbek\u00e4mpfer zu rufen, da sind wir als Feuerwehr nicht zust\u00e4ndig. Da die Zahl&hellip; <\/p>\n","protected":false},"author":3,"featured_media":0,"parent":132,"menu_order":0,"comment_status":"closed","ping_status":"closed","template":"","meta":{"ngg_post_thumbnail":0,"footnotes":""},"class_list":["post-138","page","type-page","status-publish","hentry"],"_links":{"self":[{"href":"https:\/\/www.feuerwehr-altmuenster.at\/HP\/index.php?rest_route=\/wp\/v2\/pages\/138","targetHints":{"allow":["GET"]}}],"collection":[{"href":"https:\/\/www.feuerwehr-altmuenster.at\/HP\/index.php?rest_route=\/wp\/v2\/pages"}],"about":[{"href":"https:\/\/www.feuerwehr-altmuenster.at\/HP\/index.php?rest_route=\/wp\/v2\/types\/page"}],"author":[{"embeddable":true,"href":"https:\/\/www.feuerwehr-altmuenster.at\/HP\/index.php?rest_route=\/wp\/v2\/users\/3"}],"replies":[{"embeddable":true,"href":"https:\/\/www.feuerwehr-altmuenster.at\/HP\/index.php?rest_route=%2Fwp%2Fv2%2Fcomments&post=138"}],"version-history":[{"count":22,"href":"https:\/\/www.feuerwehr-altmuenster.at\/HP\/index.php?rest_route=\/wp\/v2\/pages\/138\/revisions"}],"predecessor-version":[{"id":9791,"href":"https:\/\/www.feuerwehr-altmuenster.at\/HP\/index.php?rest_route=\/wp\/v2\/pages\/138\/revisions\/9791"}],"up":[{"embeddable":true,"href":"https:\/\/www.feuerwehr-altmuenster.at\/HP\/index.php?rest_route=\/wp\/v2\/pages\/132"}],"wp:attachment":[{"href":"https:\/\/www.feuerwehr-altmuenster.at\/HP\/index.php?rest_route=%2Fwp%2Fv2%2Fmedia&parent=138"}],"curies":[{"name":"wp","href":"https:\/\/api.w.org\/{rel}","templated":true}]}}