{"id":136,"date":"2020-08-15T11:00:41","date_gmt":"2020-08-15T09:00:41","guid":{"rendered":"https:\/\/www.feuerwehr-altmuenster.at\/HP\/?page_id=136"},"modified":"2026-04-13T14:00:13","modified_gmt":"2026-04-13T12:00:13","slug":"feuerloescherueberpruefung","status":"publish","type":"page","link":"https:\/\/www.feuerwehr-altmuenster.at\/HP\/?page_id=136","title":{"rendered":"Sicherheitstag 2026"},"content":{"rendered":"<p>Liebe Altm\u00fcnsterer und Altm\u00fcnsterinnen, Liebe G\u00e4ste aus Nah und Fern!<\/p>\n<p><strong>4. Sicherheitstag der Feuerwehr Altm\u00fcnster<\/strong><\/p>\n<p>Die Feuerwehr Altm\u00fcnster l\u00e4dt am 12. September 2026 von 8 bis 12 Uhr ins Feuerwehrhaus ein. Dort erwartet die Besucher ein spannender Vormittag rund um das Thema Sicherheit.<\/p>\n<p>Gleich zu Beginn stehen praxisnahe Vorf\u00fchrungen auf dem Programm. Mit dem Fettbrandsimulator wird eindrucksvoll gezeigt, warum Wasser bei brennendem \u00d6l gef\u00e4hrlich ist. Zudem erhalten G\u00e4ste wichtige Informationen \u00fcber die Risiken von Akkubr\u00e4nden.<\/p>\n<p>Ein besonderes Highlight ist die M\u00f6glichkeit, selbst einen Feuerl\u00f6scher auszuprobieren. Dabei lernen die Teilnehmer Schritt f\u00fcr Schritt, wie man im Ernstfall richtig reagiert. Weiterhin k\u00f6nnen Feuerl\u00f6scher vor Ort \u00fcberpr\u00fcft werden, was f\u00fcr mehr Sicherheit im Alltag sorgt.<\/p>\n<p>Dar\u00fcber hinaus besteht die Gelegenheit, neue Feuerl\u00f6scher und moderne Brandmelder direkt zu erwerben. Daher ist es einfach, zuhause den Schutz auf den neuesten Stand zu bringen.<\/p>\n<p>Heuer gibt es erstmals die M\u00f6glichkeit, f\u00fcr das eigene Fahrzeug eine Rettungskarte zu erstellen. Diese wird zusammen mit einem Infokleber kostenlos ausgegeben. Infolgedessen k\u00f6nnen Helfer im Ernstfall schneller handeln.<\/p>\n<p>Zudem stellt die Feuerwehr ihre Eins\u00e4tze und Aufgaben vor. Interessierte erfahren, wie vielseitig die Arbeit ist und d\u00fcrfen auch Fragen stellen. Man kann sich aber auch \u00fcber eine aktive Mitarbeit in der Feuerwehr informieren \u2013 getreu dem Motto \u201eHilf uns helfen!\u201c<\/p>\n<p>Auch f\u00fcr das leibliche Wohl ist bestens gesorgt. Daher wird der Besuch nicht nur informativ, sondern auch gem\u00fctlich. Die Feuerwehr Altm\u00fcnster freut sich auf alle G\u00e4ste. Kommen Sie vorbei und verbringen Sie einen Tag voller Wissen und Sicherheit.<\/p>\n<p>Der Bericht vom Sicherheitstag 2025 ist unter diesem <strong><a href=\"https:\/\/www.feuerwehr-altmuenster.at\/HP\/?p=11666\">Link<\/a>&nbsp;<\/strong>zu finden<\/p>\n<p><img loading=\"lazy\" decoding=\"async\" class=\"aligncenter size-large wp-image-11667\" src=\"https:\/\/www.feuerwehr-altmuenster.at\/HP\/wp-content\/uploads\/2025\/09\/DSC_2250-1024x681.jpg\" alt=\"\" width=\"1024\" height=\"681\" srcset=\"https:\/\/www.feuerwehr-altmuenster.at\/HP\/wp-content\/uploads\/2025\/09\/DSC_2250-1024x681.jpg 1024w, https:\/\/www.feuerwehr-altmuenster.at\/HP\/wp-content\/uploads\/2025\/09\/DSC_2250-300x200.jpg 300w, https:\/\/www.feuerwehr-altmuenster.at\/HP\/wp-content\/uploads\/2025\/09\/DSC_2250-768x511.jpg 768w, https:\/\/www.feuerwehr-altmuenster.at\/HP\/wp-content\/uploads\/2025\/09\/DSC_2250-1536x1022.jpg 1536w, https:\/\/www.feuerwehr-altmuenster.at\/HP\/wp-content\/uploads\/2025\/09\/DSC_2250-2048x1363.jpg 2048w\" sizes=\"auto, (max-width: 1024px) 100vw, 1024px\" \/><\/p>\n<p>&nbsp;<\/p>\n<p>&nbsp;<\/p>\n","protected":false},"excerpt":{"rendered":"<p>Liebe Altm\u00fcnsterer und Altm\u00fcnsterinnen, Liebe G\u00e4ste aus Nah und Fern! 4. Sicherheitstag der Feuerwehr Altm\u00fcnster Die Feuerwehr Altm\u00fcnster l\u00e4dt am 12. September 2026 von 8 bis 12 Uhr ins Feuerwehrhaus&hellip; <\/p>\n","protected":false},"author":3,"featured_media":0,"parent":132,"menu_order":0,"comment_status":"closed","ping_status":"closed","template":"","meta":{"ngg_post_thumbnail":0,"footnotes":""},"class_list":["post-136","page","type-page","status-publish","hentry"],"_links":{"self":[{"href":"https:\/\/www.feuerwehr-altmuenster.at\/HP\/index.php?rest_route=\/wp\/v2\/pages\/136","targetHints":{"allow":["GET"]}}],"collection":[{"href":"https:\/\/www.feuerwehr-altmuenster.at\/HP\/index.php?rest_route=\/wp\/v2\/pages"}],"about":[{"href":"https:\/\/www.feuerwehr-altmuenster.at\/HP\/index.php?rest_route=\/wp\/v2\/types\/page"}],"author":[{"embeddable":true,"href":"https:\/\/www.feuerwehr-altmuenster.at\/HP\/index.php?rest_route=\/wp\/v2\/users\/3"}],"replies":[{"embeddable":true,"href":"https:\/\/www.feuerwehr-altmuenster.at\/HP\/index.php?rest_route=%2Fwp%2Fv2%2Fcomments&post=136"}],"version-history":[{"count":21,"href":"https:\/\/www.feuerwehr-altmuenster.at\/HP\/index.php?rest_route=\/wp\/v2\/pages\/136\/revisions"}],"predecessor-version":[{"id":12852,"href":"https:\/\/www.feuerwehr-altmuenster.at\/HP\/index.php?rest_route=\/wp\/v2\/pages\/136\/revisions\/12852"}],"up":[{"embeddable":true,"href":"https:\/\/www.feuerwehr-altmuenster.at\/HP\/index.php?rest_route=\/wp\/v2\/pages\/132"}],"wp:attachment":[{"href":"https:\/\/www.feuerwehr-altmuenster.at\/HP\/index.php?rest_route=%2Fwp%2Fv2%2Fmedia&parent=136"}],"curies":[{"name":"wp","href":"https:\/\/api.w.org\/{rel}","templated":true}]}}