{"id":132,"date":"2019-03-15T18:25:37","date_gmt":"2019-03-15T17:25:37","guid":{"rendered":"https:\/\/www.feuerwehr-altmuenster.at\/HP\/?page_id=132"},"modified":"2019-03-21T06:56:42","modified_gmt":"2019-03-21T05:56:42","slug":"buergerservice","status":"publish","type":"page","link":"https:\/\/www.feuerwehr-altmuenster.at\/HP\/?page_id=132","title":{"rendered":"B\u00fcrgerservice"},"content":{"rendered":"<h2><strong><span style=\"font-size: 20px;\">Hei\u00dfes Fett ger\u00e4t in Brand<\/span><\/strong><\/h2>\n<p>Wenn \u00d6l in der K\u00fcche zu brennen begonnen hat:<br \/>\n<strong>NIEMALS mit Wasser l\u00f6schen!<\/strong><\/p>\n<p>Was passiert, wenn es dennoch versucht wird, kann man in diesem Clip genau verfolgen.<br \/>\nDie Kameraden der FF Neukirchen\/Altm\u00fcnster demonstrieren die Katastrophe<\/p>\n<p>Sollte sich \u00d6l in einer Pfanne \u00fcberhitzen und zu brennen beginnen, ersticken Sie es mit einem Deckel oder mit einer L\u00f6schdecke.<br \/>\nKeinesfalls mit Wasser l\u00f6schen \u2013 L\u00f6schversuche mit Wasser f\u00fchren zu einer meterhohen Stichflamme!&nbsp;<\/p>\n<p>Das richtige Verhalten in so einem Notfall und weitere Tips &nbsp;entnehmen Sie bitte aus dem Ratgeber&nbsp;Haushalt<\/p>\n<p><iframe loading=\"lazy\" src=\"\/\/www.youtube.com\/embed\/bdnfEqm0HkU\" width=\"560\" height=\"315\" frameborder=\"0\" allowfullscreen=\"allowfullscreen\"><\/iframe><\/p>\n<p><img loading=\"lazy\" decoding=\"async\" class=\"size-full wp-image-361 aligncenter\" src=\"https:\/\/www.feuerwehr-altmuenster.at\/HP\/wp-content\/uploads\/2019\/03\/Alarmsignale.jpg\" alt=\"\" width=\"655\" height=\"933\" srcset=\"https:\/\/www.feuerwehr-altmuenster.at\/HP\/wp-content\/uploads\/2019\/03\/Alarmsignale.jpg 655w, https:\/\/www.feuerwehr-altmuenster.at\/HP\/wp-content\/uploads\/2019\/03\/Alarmsignale-211x300.jpg 211w\" sizes=\"auto, (max-width: 655px) 100vw, 655px\" \/><\/p>\n<p>&nbsp;<\/p>\n","protected":false},"excerpt":{"rendered":"<p>Hei\u00dfes Fett ger\u00e4t in Brand Wenn \u00d6l in der K\u00fcche zu brennen begonnen hat: NIEMALS mit Wasser l\u00f6schen! Was passiert, wenn es dennoch versucht wird, kann man in diesem Clip&hellip; <\/p>\n","protected":false},"author":3,"featured_media":0,"parent":0,"menu_order":0,"comment_status":"closed","ping_status":"closed","template":"","meta":{"ngg_post_thumbnail":0,"footnotes":""},"class_list":["post-132","page","type-page","status-publish","hentry"],"_links":{"self":[{"href":"https:\/\/www.feuerwehr-altmuenster.at\/HP\/index.php?rest_route=\/wp\/v2\/pages\/132","targetHints":{"allow":["GET"]}}],"collection":[{"href":"https:\/\/www.feuerwehr-altmuenster.at\/HP\/index.php?rest_route=\/wp\/v2\/pages"}],"about":[{"href":"https:\/\/www.feuerwehr-altmuenster.at\/HP\/index.php?rest_route=\/wp\/v2\/types\/page"}],"author":[{"embeddable":true,"href":"https:\/\/www.feuerwehr-altmuenster.at\/HP\/index.php?rest_route=\/wp\/v2\/users\/3"}],"replies":[{"embeddable":true,"href":"https:\/\/www.feuerwehr-altmuenster.at\/HP\/index.php?rest_route=%2Fwp%2Fv2%2Fcomments&post=132"}],"version-history":[{"count":7,"href":"https:\/\/www.feuerwehr-altmuenster.at\/HP\/index.php?rest_route=\/wp\/v2\/pages\/132\/revisions"}],"predecessor-version":[{"id":393,"href":"https:\/\/www.feuerwehr-altmuenster.at\/HP\/index.php?rest_route=\/wp\/v2\/pages\/132\/revisions\/393"}],"wp:attachment":[{"href":"https:\/\/www.feuerwehr-altmuenster.at\/HP\/index.php?rest_route=%2Fwp%2Fv2%2Fmedia&parent=132"}],"curies":[{"name":"wp","href":"https:\/\/api.w.org\/{rel}","templated":true}]}}